{"id":11,"date":"2025-11-04T22:37:22","date_gmt":"2025-11-04T22:37:22","guid":{"rendered":"https:\/\/115er.de\/?page_id=11"},"modified":"2025-11-10T17:34:28","modified_gmt":"2025-11-10T16:34:28","slug":"wer-sind-wir","status":"publish","type":"page","link":"https:\/\/115er.de\/index.php\/wer-sind-wir\/","title":{"rendered":"Wer sind wir?"},"content":{"rendered":"\n<p><strong>Der Verein Alte 115-er e.V.<\/strong><\/p>\n\n\n\n<p>Wir sind ehemalige Soldaten, Zivilbedienstete und noch aktive Soldaten des fr\u00fcheren Feldartilleriebataillons 115 bzw. des zum 29.06.2007 im Standort Neunburg vorm Wald aufgel\u00f6sten Panzerartilleriebataillons 115.<br><br>Im Men\u00fc Termine listen wir Aktivit\u00e4ten unseres Vereines auf, die jenen, die nicht im Verbreitungsbereich der Mittelbayerischen Zeitung oder des Neuen Tages wohnen, eine rechtzeitige Ber\u00fccksichtigung erm\u00f6glichen sollen.<\/p>\n\n\n\n<p>Die Kurzmeldungen zeigen Ereignisse unseres Vereinslebens und aus dem Umfeld unseres ehemaligen Bataillons auf, um die Besucher der Homepage \u00fcber Neues und Altes aus dem Panzerartilleriebataillon 115 unterrichten zu k\u00f6nnen. Aktuelle Informationen sind zus\u00e4tzlich auf der Hauptseite unserer Homepage gelistet. Sie werden zwischendurch aktualisiert.<\/p>\n\n\n\n<p>Die aktuellen Barbara-Meldungen eines Jahres k\u00f6nnen im Men\u00fc &#8222;Zu-Gleich&#8220; gelesen werden.<\/p>\n\n\n\n<p>Alle, die Interesse an unserem Verein gefunden haben, informiert das Untermen\u00fc Satzung (Hauptmen\u00fc &#8222;\u00dcber die Alten 115er&#8220;) \u00fcber Zweck und Ziele unseres Vereins.<\/p>\n\n\n\n<p>Die Bildergalerie gibt einen schnellen \u00dcberblick \u00fcber Bilder in Beitr\u00e4gen unserer Homepage. Vielleicht erkennen Sie als Besucher der Homepage den einen oder anderen aktiven\/ehemaligen Soldaten wieder.<\/p>\n\n\n\n<p>Wollen Sie unserem Verein beitreten? Nehmen Sie bitte schriftlich oder elektronisch mit uns Kontakt auf. Die Anschriften finden Sie im Impressum.<\/p>\n","protected":false},"excerpt":{"rendered":"<p>Der Verein Alte 115-er e.V. Wir sind ehemalige Soldaten, Zivilbedienstete und noch aktive Soldaten des fr\u00fcheren Feldartilleriebataillons 115 bzw. des zum 29.06.2007 im Standort Neunburg vorm Wald aufgel\u00f6sten Panzerartilleriebataillons 115. Im Men\u00fc Termine listen wir Aktivit\u00e4ten unseres Vereines auf, die jenen, die nicht im Verbreitungsbereich der Mittelbayerischen Zeitung oder des Neuen Tages wohnen, eine rechtzeitige [&hellip;]<\/p>\n","protected":false},"author":1,"featured_media":0,"parent":0,"menu_order":1,"comment_status":"closed","ping_status":"closed","template":"","meta":{"footnotes":""},"class_list":["post-11","page","type-page","status-publish","hentry"],"_links":{"self":[{"href":"https:\/\/115er.de\/index.php\/wp-json\/wp\/v2\/pages\/11","targetHints":{"allow":["GET"]}}],"collection":[{"href":"https:\/\/115er.de\/index.php\/wp-json\/wp\/v2\/pages"}],"about":[{"href":"https:\/\/115er.de\/index.php\/wp-json\/wp\/v2\/types\/page"}],"author":[{"embeddable":true,"href":"https:\/\/115er.de\/index.php\/wp-json\/wp\/v2\/users\/1"}],"replies":[{"embeddable":true,"href":"https:\/\/115er.de\/index.php\/wp-json\/wp\/v2\/comments?post=11"}],"version-history":[{"count":2,"href":"https:\/\/115er.de\/index.php\/wp-json\/wp\/v2\/pages\/11\/revisions"}],"predecessor-version":[{"id":194,"href":"https:\/\/115er.de\/index.php\/wp-json\/wp\/v2\/pages\/11\/revisions\/194"}],"wp:attachment":[{"href":"https:\/\/115er.de\/index.php\/wp-json\/wp\/v2\/media?parent=11"}],"curies":[{"name":"wp","href":"https:\/\/api.w.org\/{rel}","templated":true}]}}