{"id":17,"date":"2025-11-05T22:15:25","date_gmt":"2025-11-05T22:15:25","guid":{"rendered":"https:\/\/115er.de\/?page_id=17"},"modified":"2026-04-10T15:50:39","modified_gmt":"2026-04-10T14:50:39","slug":"termine","status":"publish","type":"page","link":"https:\/\/115er.de\/index.php\/termine\/","title":{"rendered":"Termine"},"content":{"rendered":"\n<p>Die Terminvorschau soll jedem Mitglied die M\u00f6glichkeit geben, seine eigenen Vorhaben mit denen unseres Vereins abzugleichen, um f\u00fcr uns eine hohe Teilnahme sicherstellen zu k\u00f6nnen<\/p>\n\n\n\n<p><\/p>\n\n\n\n<p class=\"is-style-text-display is-style-text-display--1\">Termine 2026:<\/p>\n\n\n\n<ul class=\"wp-block-list\">\n<li><strong>Freitag, 25.09.2026<\/strong>, 19.30 Uhr: Jahreshauptversammlung<\/li>\n\n\n\n<li><strong>Freitag, 27.11.2026<\/strong>, 19.00 Uhr: Barbarafeier<\/li>\n<\/ul>\n\n\n\n<p><strong>Termine Stadt Neunburg vorm Wald 2026<\/strong>:<\/p>\n\n\n\n<p>Festspieltermine 2026: <\/p>\n\n\n\n<ul class=\"wp-block-list\">\n<li>04.07.2026 Premiere<\/li>\n\n\n\n<li>11.07.2026 2. Auff\u00fchrung<\/li>\n\n\n\n<li>18.07.2026 3. Auff\u00fchrung<\/li>\n\n\n\n<li>24.07.2026 4. Auff\u00fchrung<\/li>\n\n\n\n<li>25.07.2025 5. Auff\u00fchrung<\/li>\n<\/ul>\n\n\n\n<p>Neunburger Wies\u00b4n 12.06.- 14.06.2026<\/p>\n\n\n\n<p>FC NEN, 100-j\u00e4hriges Jubil\u00e4um, 26.06. \u2013 28.06.2026<\/p>\n\n\n\n<p>Burghofserenade der Stadtkapelle 28.06.2026<\/p>\n\n\n\n<p>Mittelaltermarkt im Stadtpark 31.07.-02.08.2026<\/p>\n\n\n\n<p>Neunburger Altstadtfest 21.-23.08.2026<\/p>\n\n\n\n<p>Romantischer Burg-Advent (3. Advent) 11.-13.12.2026<\/p>\n\n\n\n<p>Weihnachtskonzert Neunburger Gesangverein 20.12.2026<\/p>\n\n\n\n<p>Weihnachtskonzert der Stadtkapelle 25.12.2026<\/p>\n\n\n\n<p><\/p>\n","protected":false},"excerpt":{"rendered":"<p>Die Terminvorschau soll jedem Mitglied die M\u00f6glichkeit geben, seine eigenen Vorhaben mit denen unseres Vereins abzugleichen, um f\u00fcr uns eine hohe Teilnahme sicherstellen zu k\u00f6nnen Termine 2026: Termine Stadt Neunburg vorm Wald 2026: Festspieltermine 2026: Neunburger Wies\u00b4n 12.06.- 14.06.2026 FC NEN, 100-j\u00e4hriges Jubil\u00e4um, 26.06. \u2013 28.06.2026 Burghofserenade der Stadtkapelle 28.06.2026 Mittelaltermarkt im Stadtpark 31.07.-02.08.2026 Neunburger [&hellip;]<\/p>\n","protected":false},"author":1,"featured_media":0,"parent":0,"menu_order":5,"comment_status":"closed","ping_status":"closed","template":"","meta":{"footnotes":""},"class_list":["post-17","page","type-page","status-publish","hentry"],"_links":{"self":[{"href":"https:\/\/115er.de\/index.php\/wp-json\/wp\/v2\/pages\/17","targetHints":{"allow":["GET"]}}],"collection":[{"href":"https:\/\/115er.de\/index.php\/wp-json\/wp\/v2\/pages"}],"about":[{"href":"https:\/\/115er.de\/index.php\/wp-json\/wp\/v2\/types\/page"}],"author":[{"embeddable":true,"href":"https:\/\/115er.de\/index.php\/wp-json\/wp\/v2\/users\/1"}],"replies":[{"embeddable":true,"href":"https:\/\/115er.de\/index.php\/wp-json\/wp\/v2\/comments?post=17"}],"version-history":[{"count":12,"href":"https:\/\/115er.de\/index.php\/wp-json\/wp\/v2\/pages\/17\/revisions"}],"predecessor-version":[{"id":399,"href":"https:\/\/115er.de\/index.php\/wp-json\/wp\/v2\/pages\/17\/revisions\/399"}],"wp:attachment":[{"href":"https:\/\/115er.de\/index.php\/wp-json\/wp\/v2\/media?parent=17"}],"curies":[{"name":"wp","href":"https:\/\/api.w.org\/{rel}","templated":true}]}}