{"id":238,"date":"2025-11-22T18:41:01","date_gmt":"2025-11-22T17:41:01","guid":{"rendered":"https:\/\/115er.de\/?page_id=238"},"modified":"2026-04-22T14:38:54","modified_gmt":"2026-04-22T13:38:54","slug":"meldungen-2026-2","status":"publish","type":"page","link":"https:\/\/115er.de\/index.php\/meldungen-2026-2\/","title":{"rendered":"Meldungen 2026"},"content":{"rendered":"\n<p class=\"has-x-large-font-size\"><strong>Meldung vom 22.04.2026:<\/strong><\/p>\n\n\n\n<p>Das BMVg hat das erste Grundlagendokument zur strategischen Ausrichtung der Bundeswehr ver\u00f6ffentlicht.<\/p>\n\n\n\n<p>Hier der Link zur BMVg-Seite:<\/p>\n\n\n\n<p><a href=\"https:\/\/www.bmvg.de\/de\/grundlagendokumente-strategische-ausrichtung\">https:\/\/www.bmvg.de\/de\/grundlagendokumente-strategische-ausrichtung<\/a><\/p>\n\n\n\n<p class=\"has-x-large-font-size\"><strong>Meldung vom 09.04.2026:<\/strong><\/p>\n\n\n\n<p>GenMaj J\u00fcrgen Setzer wurde in Bonn in den Ruhestand versetzt. Zwischen 2000 und 2001 war er BtlKdr PzGrenBtl 122, Oberviechtach. Sein Wohnsitz blieb bis heute Oberviechtach. Zuletzt war er stv Insp im Kdo Cyber- und Informationsraum und Chef Information und Security Officer. <\/p>\n\n\n\n<p class=\"has-x-large-font-size\"><strong>Meldung vom 07.04.2026:<\/strong><\/p>\n\n\n\n<p>Unser Kamerad Konrad Spiegler hat Neuigkeiten aus Weiden:<\/p>\n\n\n\n<p>Seit 01.04.2026 wird in Weiden zus\u00e4tzlich eine Bttr des PzArtBtl 455 aufgestellt. Der Aufstellungsstab dazu ist allerdings in Loheide, nahe dem Tr\u00dcbPl Bergen unter F\u00fchrung des BtlKdrs Stefan Settele. Das neue PzArtBtl geh\u00f6rt zur PzBrig 45 und wird zuk\u00fcnftig st\u00e4ndig in Litauen stationiert sein. Die Ausbildung der Soldaten dieser Bttr geschieht unter hohem Zeitdruck, um den Wechsel nach Litauen einhalten zu k\u00f6nnen.<\/p>\n\n\n\n<p class=\"has-x-large-font-size\"><strong>Meldung vom 25.03.2026:<\/strong><\/p>\n\n\n\n<p>Wieder Neuigkeiten aus Weiden von unserem Kameraden Konrad Spiegler:<\/p>\n\n\n\n<p>Im Standort Weiden sollen zuk\u00fcnftig vermutlich mehr Rekruten ausgebildet werden. Wie die Regierung der Oberpfalz bekannt gab, wurden Gespr\u00e4che zur vorzeitigen Aufl\u00f6sung des Mietvertrages f\u00fcr Gemeinschaftsunterk\u00fcnfte im Camp Pitman gef\u00fchrt.<\/p>\n\n\n\n<p>Zus\u00e4tzliche Neuigkeiten vom Tr\u00dcbPl Grafenw\u00f6hr:<\/p>\n\n\n\n<p>Erstmalig haben amerikanische Streitkr\u00e4fte in Europa auf dem Tr\u00dcbPl Grafenw\u00f6hr Drohnen mit Kampfhubschraubern des Typs Apache mit der 30 mm Maschinenkanone im Rahmen einer \u00dcbung mit scharfer Munition abgeschossen.<\/p>\n\n\n\n<p class=\"has-x-large-font-size\"><strong>Meldung vom 24.03.2026:<\/strong><\/p>\n\n\n\n<p>Herzlichen Dank an unseren Kameraden Konrad Spiegler f\u00fcr die Hinweise.<\/p>\n\n\n\n<p>In den reglonalen Medien ist zu lesen, dass der ehemalige &#8222;Kommandierende General des 7th Army Training Command&#8220;, Grafenw\u00f6hr, Antonio A. Aguto, aus disziplinaren Gr\u00fcnden in den  Ruhestand versetzt wurde. Sein letzter Dienstposten war die Leitung der \u201eSecurity Assistance Group-Ukraine\u201c in Wiesbaden. Sie koordiniert die US-Hilfe f\u00fcr die Ukraine und somit auch die Ausbildung ukrainischer Soldaten in Grafenw\u00f6hr. Er hatte geheime Unterlagen in einem Zug in die Ukraine vergessen. Zus\u00e4tzlich fiel er wegen alkoholischer Probleme auf.<\/p>\n\n\n\n<p class=\"has-x-large-font-size\"><strong>Meldung vom 21.03.2026:<\/strong><\/p>\n\n\n\n<figure class=\"wp-block-image size-large\"><img loading=\"lazy\" decoding=\"async\" width=\"1024\" height=\"790\" src=\"https:\/\/115er.de\/wp-content\/uploads\/2026\/03\/Franz-Birner-Bild-Kirche-1024x790.jpg\" alt=\"\" class=\"wp-image-387\" srcset=\"https:\/\/115er.de\/wp-content\/uploads\/2026\/03\/Franz-Birner-Bild-Kirche-1024x790.jpg 1024w, https:\/\/115er.de\/wp-content\/uploads\/2026\/03\/Franz-Birner-Bild-Kirche-300x231.jpg 300w, https:\/\/115er.de\/wp-content\/uploads\/2026\/03\/Franz-Birner-Bild-Kirche-768x592.jpg 768w, https:\/\/115er.de\/wp-content\/uploads\/2026\/03\/Franz-Birner-Bild-Kirche-1536x1184.jpg 1536w, https:\/\/115er.de\/wp-content\/uploads\/2026\/03\/Franz-Birner-Bild-Kirche-2048x1579.jpg 2048w\" sizes=\"auto, (max-width: 1024px) 100vw, 1024px\" \/><\/figure>\n\n\n\n<p class=\"has-x-large-font-size\"><strong>Meldung vom 17.03.2026:<\/strong><\/p>\n\n\n\n<p>Wir nehmen in tiefer Trauer Abschied von unserem Kameraden und 2. Vorsitzenden. Unsere Anteilnahme gilt seinen Angeh\u00f6rigen.<\/p>\n\n\n\n<figure class=\"wp-block-image size-large\"><img loading=\"lazy\" decoding=\"async\" width=\"1024\" height=\"571\" src=\"https:\/\/115er.de\/wp-content\/uploads\/2026\/03\/Birner-Franz-1024x571.jpg\" alt=\"\" class=\"wp-image-383\" srcset=\"https:\/\/115er.de\/wp-content\/uploads\/2026\/03\/Birner-Franz-1024x571.jpg 1024w, https:\/\/115er.de\/wp-content\/uploads\/2026\/03\/Birner-Franz-300x167.jpg 300w, https:\/\/115er.de\/wp-content\/uploads\/2026\/03\/Birner-Franz-768x428.jpg 768w, https:\/\/115er.de\/wp-content\/uploads\/2026\/03\/Birner-Franz.jpg 1028w\" sizes=\"auto, (max-width: 1024px) 100vw, 1024px\" \/><\/figure>\n\n\n\n<p class=\"has-x-large-font-size\"><strong>Meldung vom 14.03.2026:<\/strong><\/p>\n\n\n\n<p>Heute in der Mittelbayerischen Zeitung:<\/p>\n\n\n\n<figure class=\"wp-block-image size-full\"><img loading=\"lazy\" decoding=\"async\" width=\"658\" height=\"507\" src=\"https:\/\/115er.de\/wp-content\/uploads\/2026\/03\/Birner-Franz-TransRegina.png\" alt=\"\" class=\"wp-image-376\" srcset=\"https:\/\/115er.de\/wp-content\/uploads\/2026\/03\/Birner-Franz-TransRegina.png 658w, https:\/\/115er.de\/wp-content\/uploads\/2026\/03\/Birner-Franz-TransRegina-300x231.png 300w\" sizes=\"auto, (max-width: 658px) 100vw, 658px\" \/><\/figure>\n\n\n\n<p class=\"has-x-large-font-size\"><strong>Meldung vom 11.03.2026:<\/strong><\/p>\n\n\n\n<p>Eine traurige Nachricht f\u00fcr unseren Verein:<\/p>\n\n\n\n<p>Unser 2. Vorsitzender, Franz Birner, ist letzten Freitag verstorben. Sobald die Traueranzeige vorliegt, wird sie hier auf unserer Homepage ver\u00f6ffentlicht.<\/p>\n\n\n\n<p class=\"has-x-large-font-size\"><strong>Meldung vom 03.03.2026:<\/strong><\/p>\n\n\n\n<p>Neuigkeiten von unserem Kameraden Konrad Spiegler:<\/p>\n\n\n\n<p>Der evangelische Milit\u00e4rbischof Bernhard Felmberg hat in der Major-Radloff-Kaserne in Weiden G\u00fcnter Daum als neuen evanglischen Milit\u00e4rpfarrer in sein Amt eingef\u00fchrt. Sein Seelsorgebereich erstreckt sich auch auf die Standorte Bayreuth, Grafenw\u00f6hr, Hof und Schwarzenbach am Wald.<\/p>\n\n\n\n<p class=\"has-x-large-font-size\"><strong>Meldung vom 02.03.2026:<\/strong><\/p>\n\n\n\n<p>Der Bericht des Wehrbeauftragten f\u00fcr 2025 ist derzeit erst als &#8222;Vorabfassung&#8220; verf\u00fcgbar. Sobald die amtlich genehmigte Ausfertigung im Netz ver\u00f6ffentlicht ist, wird sie auf unserer Homepage eingestellt.<\/p>\n\n\n\n<p><\/p>\n\n\n\n<p class=\"has-x-large-font-size\"><strong>Meldung vom 23.02.2026:<\/strong><\/p>\n\n\n\n<p>Nachlese Medaillenstand Bundeswehrangeh\u00f6rige bei der Winterolympiade 2026:<\/p>\n\n\n\n<p><strong><em>Gold Bundeswehr\/Gesamt Team D:<\/em><\/strong> 5\/8<\/p>\n\n\n\n<p><strong><em>Silber Bundeswehr\/Gesamt Team D:<\/em><\/strong> 8\/10<\/p>\n\n\n\n<p><strong><em>Bronze Bundeswehr\/Gesamt Team D: <\/em><\/strong>4\/8<\/p>\n\n\n\n<p>86 Frauen (35 Sportsoldatinnen)und 99 M\u00e4nner (41 Sportsoldaten) nahmen in Italien beim Team D teil (gesamt 185 Athleten, davon 76 Bundeswehrangeh\u00f6rige).<\/p>\n\n\n\n<p><strong>             <\/strong><\/p>\n\n\n\n<p class=\"has-x-large-font-size\"><strong>Meldung vom 18.02.2026:<\/strong><\/p>\n\n\n\n<p>Unser Kamerad Konrad Spiegler hat uns auf einen Bericht in BR24 vom gestrigen Tag hingewiesen:<\/p>\n\n\n\n<p><a href=\"https:\/\/www.br.de\/nachrichten\/deutschland-welt\/bundeswehr-russland-stoert-kommunikationssysteme-im-baltikum,VBDFaij\">https:\/\/www.br.de\/nachrichten\/deutschland-welt\/bundeswehr-russland-stoert-kommunikationssysteme-im-baltikum,VBDFaij<\/a><\/p>\n\n\n\n<p>Darin wird \u00fcber die hybride russische und belarussische Kriegsf\u00fchrung in Litauen berichtet (GPS-Navigation, Funkverkehr und andere Kommunikationswege). Zus\u00e4tzlich wird der Telefonverkehr zwischen Litauen und Deutschland abgeh\u00f6rt und ausgewertet. <\/p>\n\n\n\n<p class=\"has-x-large-font-size\"><strong>Meldung vom 16.02.2026:<\/strong><\/p>\n\n\n\n<p>Hat die Bundeswehr keine anderen Probleme? Wen es interessiert, wie bei der Bundeswehr \u00fcber fehlende 200 m Fahrstrecke f\u00fcr die Gew\u00e4hrung von Trennungsgeld entschieden wird, der sollte in der heutigen Ausgabe des Neuen Tages auf der Seite 10 (Landkreis Schwandorf) den Bericht lesen. Der 1. April ist erst in ca 2 Monaten.<\/p>\n\n\n\n<p class=\"has-x-large-font-size\"><strong>Meldung vom 14.02.2026:<\/strong><\/p>\n\n\n\n<p>BrigGen Christoph Huber, Kommandeur der PzBrig 45, Litauen, besuchte seine alte Wirkungsst\u00e4tte, die Grenzlandkaserne in Oberviechtach. Hier war er von 2016 bis 2019 BtlKdr des PzGrenBtl 122.<\/p>\n\n\n\n<p class=\"has-x-large-font-size\"><strong>Meldung vom 13.02.2026:<\/strong><\/p>\n\n\n\n<p>Wie das BMVg mitteilt, beteiligt sich die Bundeswehr zun\u00e4chst mit 4 Eurofightern und 1 Tankflugzeig an der NATO-Mission &#8222;Artic Sentry&#8220; in die Arktis.<\/p>\n\n\n\n<p class=\"has-x-large-font-size\"><strong>Meldung vom 12.02.2026:<\/strong><\/p>\n\n\n\n<p>Der Generalinspekteur der Bundeswehr, General Breuer (seit M\u00e4rz 2023 Nachfolger von General Zorn) wurde zur Nominierungswahl f\u00fcr den Vorsitzenden des NATO-Milit\u00e4rausschusses vorgeschlagen. Die Wahl findet im September 2026 statt. Derzeit f\u00fchrt der italienische Admiral Dragone bis 2028 den Vorsitz.<\/p>\n\n\n\n<p class=\"has-x-large-font-size\"><strong>Meldung vom 30.01.2026:<\/strong><\/p>\n\n\n\n<p>Mit Ausnahme von 2 R\u00fcckmeldungen zum heutigen Meldetermin \u00fcber die zuk\u00fcnftige Verteilung unserer Barbara-Meldung erfolgt ab der n\u00e4chsten Barbara-Meldung die Weiterleitung nur noch online \u00fcber unsere Homepage (Men\u00fc: Zu-Gleich neu).<\/p>\n\n\n\n<p class=\"has-x-large-font-size\"><strong>Meldung vom 29.01.2026:<\/strong><\/p>\n\n\n\n<p>Heute wechselt das PzGrenBtl 122, Oberviechtach, von der PzBrig 12, Cham, zur PzBrig 45 &#8222;Litauen&#8220;. Zeitgleich wird beim feierlichen Appell beim Divisionsstandort der 10. PzDiv in Veitsh\u00f6chheim das PzBtl 203 aus Augustdorf der PzBrig 45 &#8222;Litauen&#8220; unterstellt.<\/p>\n\n\n\n<p class=\"has-x-large-font-size\"><strong>Meldung vom 28.01.2026:<\/strong><\/p>\n\n\n\n<p>Die Artilleriebataillone 375 und 131 luden in Weiden zum Neujahrsempfang. Die Kommandeurin des PzArtBtl 375, Oberstleutnant Hekja Werner, berichtete auch \u00fcber die Neuaufstellung des ArtBtl 455, dessen Stab in Loheide, Niedersachsen, stationiert ist. Teile des Bataillons werden in Weiden aufgebaut und sp\u00e4ter der PzBrig 45 &#8222;Litauen&#8220; unterstellt. Am 06.06.2026 ist wieder ein &#8222;Tag der offenen T\u00fcre&#8220; in Weiden geplant.<\/p>\n\n\n\n<p class=\"has-x-large-font-size\"><strong>Meldung vom 18.01.2026:<\/strong><\/p>\n\n\n\n<p>Nach Berichten \u00fcberregionaler Medien beendete das Erkundungskommando der Bundeswehrbereits heute nach zwei Tagen den Einsatz in Gr\u00f6nland und flog mit einem Zivilflugzeug zur\u00fcck. Wegen der amerikanischen Zolldrohungen gegen Deutschland hat der 1. Vorsitzende dazu eine eindeutige Meinung: &#8222;Armes Deutschland. Ohne eine gerade jetzt notwendige schnell handlungsf\u00e4hige, starke Regierung mit Mut werden wir politisch und wirtschaftlich immer weiter erpresst.&#8220;<\/p>\n\n\n\n<p class=\"has-x-large-font-size\"><strong>Meldung vom 16.01.2026<\/strong><\/p>\n\n\n\n<p>Das Erkundungskommando der Bundeswehr (15 Soldaten) ist heute um 14.50 Ortszeit mit einer polnischen Chartermaschine auf dem Flughafen von Nuuk in Gr\u00f6nland gelandet. <\/p>\n\n\n\n<p class=\"has-x-large-font-size\"><strong>Meldung vom 07.01.2026:<\/strong><\/p>\n\n\n\n<p>Wie erst jetzt in \u00fcberregionalen Medien ver\u00f6ffentlicht, erfolgte am 01.12.2025 ein Drohnenvorfall in Annaburg (Sachsen). Dort ist das neue Flugabwehrsystem Arrow 3 stationiert. Die Drohnen konnten seitens der Bundeswehr mit den eingesetzten Drohnenabwehrmitteln nicht bek\u00e4mpft werden. <\/p>\n\n\n\n<p class=\"has-x-large-font-size\"><strong>Meldung vom 05.01.2026:<\/strong><\/p>\n\n\n\n<p>DasBMVg hat den Stiftungserlass f\u00fcr die Einsatzmedaille ge\u00e4ndert und erweitert. Nun k\u00f6nnen auch besondere Leistungen  im Inland gew\u00fcrdigt werden (nicht nur klassische Auslandseins\u00e4tze wie in Afghanistan oder Mali) mit Bezug auf humanit\u00e4re, friedensschaffende und friedenserhaltende Ma\u00dfnahmen im Ausland. Zus\u00e4tzlich ist in den Erlass eine neue Form der Einsatzmedaille <a href=\"https:\/\/www.bundeswehr.de\/de\/organisation\/operatives-fuehrungskommando-der-bundeswehr\/auftrag-und-aufgaben\/militaerische-evakuierungsoperation\">\u201eMilEvakOp\u201c<\/a> f\u00fcr Leistungen von Evakuierungskr\u00e4ften aufgenommen.<\/p>\n\n\n\n<p><\/p>\n","protected":false},"excerpt":{"rendered":"<p>Meldung vom 22.04.2026: Das BMVg hat das erste Grundlagendokument zur strategischen Ausrichtung der Bundeswehr ver\u00f6ffentlicht. Hier der Link zur BMVg-Seite: https:\/\/www.bmvg.de\/de\/grundlagendokumente-strategische-ausrichtung Meldung vom 09.04.2026: GenMaj J\u00fcrgen Setzer wurde in Bonn in den Ruhestand versetzt. Zwischen 2000 und 2001 war er BtlKdr PzGrenBtl 122, Oberviechtach. Sein Wohnsitz blieb bis heute Oberviechtach. Zuletzt war er stv Insp [&hellip;]<\/p>\n","protected":false},"author":1,"featured_media":0,"parent":0,"menu_order":0,"comment_status":"closed","ping_status":"closed","template":"","meta":{"footnotes":""},"class_list":["post-238","page","type-page","status-publish","hentry"],"_links":{"self":[{"href":"https:\/\/115er.de\/index.php\/wp-json\/wp\/v2\/pages\/238","targetHints":{"allow":["GET"]}}],"collection":[{"href":"https:\/\/115er.de\/index.php\/wp-json\/wp\/v2\/pages"}],"about":[{"href":"https:\/\/115er.de\/index.php\/wp-json\/wp\/v2\/types\/page"}],"author":[{"embeddable":true,"href":"https:\/\/115er.de\/index.php\/wp-json\/wp\/v2\/users\/1"}],"replies":[{"embeddable":true,"href":"https:\/\/115er.de\/index.php\/wp-json\/wp\/v2\/comments?post=238"}],"version-history":[{"count":39,"href":"https:\/\/115er.de\/index.php\/wp-json\/wp\/v2\/pages\/238\/revisions"}],"predecessor-version":[{"id":407,"href":"https:\/\/115er.de\/index.php\/wp-json\/wp\/v2\/pages\/238\/revisions\/407"}],"wp:attachment":[{"href":"https:\/\/115er.de\/index.php\/wp-json\/wp\/v2\/media?parent=238"}],"curies":[{"name":"wp","href":"https:\/\/api.w.org\/{rel}","templated":true}]}}