{"id":35,"date":"2025-11-05T22:24:25","date_gmt":"2025-11-05T22:24:25","guid":{"rendered":"https:\/\/115er.de\/?page_id=35"},"modified":"2026-01-13T17:11:19","modified_gmt":"2026-01-13T16:11:19","slug":"feierlichkeiten-zur-aufloesung-unseres-bataillons-1-3-12-06","status":"publish","type":"page","link":"https:\/\/115er.de\/index.php\/ueber-die-alten-115er\/feierlichkeiten-zur-aufloesung-unseres-bataillons-1-3-12-06\/","title":{"rendered":"Feierlichkeiten zur Aufl\u00f6sung unseres Bataillons, 1.-3.12.06"},"content":{"rendered":"\n<p><strong>Feierlichkeiten zur Aufl\u00f6sung des PzArtBtl 115<\/strong><\/p>\n\n\n\n<p>Mit Wehmut verfolgten am 1.12.2006 eine Vielzahl von G\u00e4sten, ehemaligen und aktiven Soldaten die Feierlichkeiten zur Aufl\u00f6sung unseres Panzerartilleriebataillons 115, die mit einer \u00f6kumenischen Andacht in der katholischen Stadtpfarrkirche begannen. Bei einbrechender Dunkelheit schritten anschlie\u00dfend der Kommandeur des Panzerartilleriebataillons 115, Oberstleutnant Wilkens, der Kommandeur der Panzerbrigade 12, General Niemann und der 1. B\u00fcrgermeister, unser Kamerad Bayerl, im fackelbeleuchteten Burghof die Front der Soldaten und G\u00e4ste ab. In seiner Rede verwies Oberstleutnant Wilkens auf den Werdegang, die beispielhaften Leistungen unseres Bataillons und die guten Beziehungen zwischen dem Bataillon, der Stadt Neunburg vorm Wald und den Patengemeinden der Batterien. General Niemann hob hervor, da\u00df ein Bataillon nicht nur aus Ger\u00e4ten und Geb\u00e4uden besteht. Es ist auch die Summer menschlicher Beziehungen. F\u00fcr unseren Verein ist der Satz des Brigadekommandeurs &#8222;Die Seele eines Bataillons stirbt nicht&#8220; Ansporn zur Fortf\u00fchrung der Tradition unseres Bataillons. Das Heeresmusikkorps 4, das im Dezember 2006 ebenfalls aufgel\u00f6st wird, umrahmte den Aufl\u00f6sungsappell im Rahmen einer Serenade in ergreifender Weise. Im Anschlu\u00df an den Appell lud Oberstleutnant Wilkens zu einem Empfang in den Mannschaftsspeisesaal in der Pfalzgraf-Johann-Kaserne.<\/p>\n\n\n\n<figure class=\"wp-block-image size-full\"><img loading=\"lazy\" decoding=\"async\" width=\"400\" height=\"300\" src=\"https:\/\/115er.de\/wp-content\/uploads\/2025\/11\/image-10.jpeg\" alt=\"\" class=\"wp-image-37\" srcset=\"https:\/\/115er.de\/wp-content\/uploads\/2025\/11\/image-10.jpeg 400w, https:\/\/115er.de\/wp-content\/uploads\/2025\/11\/image-10-300x225.jpeg 300w\" sizes=\"auto, (max-width: 400px) 100vw, 400px\" \/><\/figure>\n\n\n\n<p>General Niemann, Oberstleutnant Wilkens und 1. B\u00fcrgermeister Bayerl schreiten die Front ab.<\/p>\n\n\n\n<figure class=\"wp-block-image size-full\"><img loading=\"lazy\" decoding=\"async\" width=\"400\" height=\"300\" src=\"https:\/\/115er.de\/wp-content\/uploads\/2025\/11\/image-9.jpeg\" alt=\"\" class=\"wp-image-36\" srcset=\"https:\/\/115er.de\/wp-content\/uploads\/2025\/11\/image-9.jpeg 400w, https:\/\/115er.de\/wp-content\/uploads\/2025\/11\/image-9-300x225.jpeg 300w\" sizes=\"auto, (max-width: 400px) 100vw, 400px\" \/><\/figure>\n\n\n\n<p>Unsere Truppenfahne wird eingerollt und dem Brigadekommandeur \u00fcbergeben.<\/p>\n\n\n\n<figure class=\"wp-block-image size-full\"><img loading=\"lazy\" decoding=\"async\" width=\"400\" height=\"300\" src=\"https:\/\/115er.de\/wp-content\/uploads\/2025\/11\/image-11.jpeg\" alt=\"\" class=\"wp-image-38\" srcset=\"https:\/\/115er.de\/wp-content\/uploads\/2025\/11\/image-11.jpeg 400w, https:\/\/115er.de\/wp-content\/uploads\/2025\/11\/image-11-300x225.jpeg 300w\" sizes=\"auto, (max-width: 400px) 100vw, 400px\" \/><\/figure>\n\n\n\n<p>Das offizielle Ende unseres Bataillons, der Ausmarsch.<\/p>\n\n\n\n<p>10 Busse standen am 2.12.06 in der Pfalzgraf-Johann-Kaserne bereit, um alle Besucher von Neunburg vorm Wald auf den Truppen\u00fcbungsplatz Grafenw\u00f6hr transportieren zu k\u00f6nnen. Bei der Begr\u00fc\u00dfung in der Feuerstellung gab der Bataillonskommandeur, Oberstleutnant Wilkens, einen kurzen \u00dcberblick \u00fcber die Geschichte unseres Bataillons. Er betonte am Ende seiner Rede, da\u00df mit dem folgenden &#8222;goldenen Schu\u00df&#8220; die l\u00e4ngste artilleristische Erfahrung an der Panzerhaubitze 2000 verloren geht. Der stellvertretende Brigadekommandeur der Artilleriebrigade 100, Oberst von Rohr, zeigte nochmals die gro\u00dfartigen Leistungen unseres Bataillons in seiner Rede als Ehrengast auf. Wehmut kam dabei bei den vielen Zuh\u00f6rern auf. Der na\u00dfkalte Wind und der Nebel verst\u00e4rkten den Abschiedsschmerz zus\u00e4tzlich. Die Blaskapelle Kunschir aus Winklarn, die unserem Bataillon freundschaftlich sehr verbunden war, begleitete musikalisch den letzten artilleristischen Einsatz unseres Bataillons. Fast genau 7 Jahre nach dem ersten scharfen Schu\u00df mit der PzH 2000 (11.11.1999) traten die B\u00fcrgermeister der Patengemeinden Bauer (Bodenw\u00f6hr), Kramer (Thanstein), Sailer (Winklarn), Gra\u00dfl (Dieterskirchen) und Altb\u00fcrgermeister Scheck (Schwarzhofen) zum letzten Schu\u00df ihrer Batterie mit an die Gesch\u00fctze vor. Anschlie\u00dfend trug Major Beck (S 3) mit den 3 verbliebenen BttrChefs den goldenen Schu\u00df auf einer Trage zum Barbara-Gesch\u00fctz, den an der langen Leine der 1. B\u00fcrgermeister der Stadt Neunburg vorm Wald, unser Kamerad Bayerl, der Kommandeur unseres Bataillons, Oberstleutnant Wilkens, der ehemalige Bataillonskommandeur, Oberstleutnant Wildberger, der G 3 der PzBrig 12, Oberstleutnant Wittauer und der 1. Vorsitzende der Alten 115-er abfeuerten. Hinter der Feuerstellung verbrannten die restlichen Treibladungen den aufgebrachten Schriftzug &#8222;115&#8220;. Das Ende unseres stolzen Bataillons war da. Nach R\u00fcckkehr in den Standort Neunburg vorm Wald trafen sich viele Aktive und Ehemalige in der HBG, um von alten Zeiten zu schw\u00e4rmen.<\/p>\n\n\n\n<figure class=\"wp-block-image size-full\"><img loading=\"lazy\" decoding=\"async\" width=\"400\" height=\"300\" src=\"https:\/\/115er.de\/wp-content\/uploads\/2025\/11\/image-12.jpeg\" alt=\"\" class=\"wp-image-39\" srcset=\"https:\/\/115er.de\/wp-content\/uploads\/2025\/11\/image-12.jpeg 400w, https:\/\/115er.de\/wp-content\/uploads\/2025\/11\/image-12-300x225.jpeg 300w\" sizes=\"auto, (max-width: 400px) 100vw, 400px\" \/><\/figure>\n\n\n\n<p>Oberst v. Rohr hielt als Ehrengast und ehemaliger Kdr unseres Bataillons die Abschiedsrede<\/p>\n\n\n\n<figure class=\"wp-block-image size-full\"><img loading=\"lazy\" decoding=\"async\" width=\"400\" height=\"300\" src=\"https:\/\/115er.de\/wp-content\/uploads\/2025\/11\/image-14.jpeg\" alt=\"\" class=\"wp-image-41\" srcset=\"https:\/\/115er.de\/wp-content\/uploads\/2025\/11\/image-14.jpeg 400w, https:\/\/115er.de\/wp-content\/uploads\/2025\/11\/image-14-300x225.jpeg 300w\" sizes=\"auto, (max-width: 400px) 100vw, 400px\" \/><\/figure>\n\n\n\n<p>F\u00fcr Neunburger Artilleristen der letzte Feuerkampf<\/p>\n\n\n\n<figure class=\"wp-block-image size-full\"><img loading=\"lazy\" decoding=\"async\" width=\"400\" height=\"300\" src=\"https:\/\/115er.de\/wp-content\/uploads\/2025\/11\/image-13.jpeg\" alt=\"\" class=\"wp-image-40\" srcset=\"https:\/\/115er.de\/wp-content\/uploads\/2025\/11\/image-13.jpeg 400w, https:\/\/115er.de\/wp-content\/uploads\/2025\/11\/image-13-300x225.jpeg 300w\" sizes=\"auto, (max-width: 400px) 100vw, 400px\" \/><\/figure>\n\n\n\n<p>Mit &#8222;Alten 115-ern&#8220; (Prof. Schmidt, A. Gillitzer) im Gespr\u00e4ch (Frau Wilkens, Maj. Beck)<\/p>\n\n\n\n<p>Am 3.12.2006 f\u00fchrte unser Bataillon die letzte Barbarafeier in der Hammerseehalle in Bodenw\u00f6hr durch. Nachdem alle Soldaten und zivilen G\u00e4ste das Ende des &#8222;entsch\u00e4rften&#8220; Eingangsparcours erfolgreich erreicht hatten, brachen viele Besucher in Staunen aus. Sie bewunderten die durch das Bataillon ausgeschm\u00fcckte Halle und fragten immer wieder, wie Bodenw\u00f6hr eine solch sch\u00f6ne Halle bauen konnte. Ab 16.00 Uhr sorgte die Stadtkapelle Neunburg vorm Wald bereits f\u00fcr Schwung in der Halle. Um 18.00 Uhr begr\u00fc\u00dfte der Bataillonskommandeur, Oberstleutnant Wilkens, alle Soldaten und G\u00e4ste und erw\u00e4hnte, da\u00df am 4.12.1999 das Bataillon die erste Barbarafeier in Roding abhielt.&nbsp; Oberst a. D, Hartung, der erste Personaloffizier des Bataillons, erz\u00e4hlte kleine Begebenheiten von den ersten Jahren unseres Bataillons. Der S 4 vollbrachte eine Meisterleistung, als er f\u00fcr \u00fcber 750 Besucher den original Idar-Obersteiner Schwenkbraten servierte. Nach der &#8222;500 g &#8211; St\u00e4rkung&#8220; \u00fcberreichte der Bataillonskommandeur an den 1. Vorsitzenden der Alten 115-er die Bataillonsfahne und an den 1. B\u00fcrgermeister der Stadt Neunburg vorm Wald, unseren Kameraden Bayerl, das Bataillonswappen und die Barbarastatue, damit in Neunburg vorm Wald die Artillerie nie vergessen werde. Nach den Barbarabeitr\u00e4gen des Bataillons und der Alten 115-er schwebte die heilige Barbara auf einer Gangway ein. In einem hervorragenden und pointierten Vortrag schwenkte sie zwischen geschichtlichen und politischen Ereignissen und den zeitlich zugeh\u00f6rigen Geschehnissen im Bataillon hin und her. Sie erw\u00e4hnte auch, da\u00df Neunburg vorm Wald nach der Aufl\u00f6sung der Kaserne dann ein Vorort von Bodenw\u00f6hr wird und zeigte die Hintergr\u00fcnde zwischen Stadthalle und Hammerseehalle auf. Von 22.00 Uhr bis 24.00 Uhr brachte die Gong-Fm-Band aus Regensburg die jungen Soldaten richtig in Schwung. Noch lange&nbsp; standen Ehemalige, Aktive und G\u00e4ste an der Bar beieinander, erz\u00e4hlten von den einmaligen Leistungen des Bataillons und tr\u00f6steten sich \u00fcber die Aufl\u00f6sung hinweg. Nachdem in der Halle ein Fotografierverbot ausgesprochen war, k\u00f6nnen keine Bilder dem Bericht beigef\u00fcgt werden.<\/p>\n","protected":false},"excerpt":{"rendered":"<p>Feierlichkeiten zur Aufl\u00f6sung des PzArtBtl 115 Mit Wehmut verfolgten am 1.12.2006 eine Vielzahl von G\u00e4sten, ehemaligen und aktiven Soldaten die Feierlichkeiten zur Aufl\u00f6sung unseres Panzerartilleriebataillons 115, die mit einer \u00f6kumenischen Andacht in der katholischen Stadtpfarrkirche begannen. Bei einbrechender Dunkelheit schritten anschlie\u00dfend der Kommandeur des Panzerartilleriebataillons 115, Oberstleutnant Wilkens, der Kommandeur der Panzerbrigade 12, General Niemann [&hellip;]<\/p>\n","protected":false},"author":1,"featured_media":0,"parent":43,"menu_order":1,"comment_status":"closed","ping_status":"closed","template":"","meta":{"footnotes":""},"class_list":["post-35","page","type-page","status-publish","hentry"],"_links":{"self":[{"href":"https:\/\/115er.de\/index.php\/wp-json\/wp\/v2\/pages\/35","targetHints":{"allow":["GET"]}}],"collection":[{"href":"https:\/\/115er.de\/index.php\/wp-json\/wp\/v2\/pages"}],"about":[{"href":"https:\/\/115er.de\/index.php\/wp-json\/wp\/v2\/types\/page"}],"author":[{"embeddable":true,"href":"https:\/\/115er.de\/index.php\/wp-json\/wp\/v2\/users\/1"}],"replies":[{"embeddable":true,"href":"https:\/\/115er.de\/index.php\/wp-json\/wp\/v2\/comments?post=35"}],"version-history":[{"count":3,"href":"https:\/\/115er.de\/index.php\/wp-json\/wp\/v2\/pages\/35\/revisions"}],"predecessor-version":[{"id":311,"href":"https:\/\/115er.de\/index.php\/wp-json\/wp\/v2\/pages\/35\/revisions\/311"}],"up":[{"embeddable":true,"href":"https:\/\/115er.de\/index.php\/wp-json\/wp\/v2\/pages\/43"}],"wp:attachment":[{"href":"https:\/\/115er.de\/index.php\/wp-json\/wp\/v2\/media?parent=35"}],"curies":[{"name":"wp","href":"https:\/\/api.w.org\/{rel}","templated":true}]}}