{"id":51,"date":"2025-11-05T22:41:15","date_gmt":"2025-11-05T22:41:15","guid":{"rendered":"https:\/\/115er.de\/?page_id=51"},"modified":"2025-11-10T17:30:00","modified_gmt":"2025-11-10T16:30:00","slug":"aufnahmeantrag","status":"publish","type":"page","link":"https:\/\/115er.de\/index.php\/ueber-die-alten-115er\/satzung\/aufnahmeantrag\/","title":{"rendered":"Aufnahmeantrag"},"content":{"rendered":"\n<p>Nur eine hohe Mitgliederzahl in unserem Verein hilft, die Tradition unseres Panzerartilleriebataillon 115, das 2007 aufgel\u00f6st wurde, fortf\u00fchren zu k\u00f6nnen.<\/p>\n\n\n\n<p>Haben Sie sich schon entschlossen, Mitglied zu werden? F\u00fcllen Sie bitte den Aufnahmeantrag (Word-Dokument) aus.<\/p>\n\n\n\n<p><a href=\"https:\/\/115er.de\/wp-content\/uploads\/2025\/11\/Aufnahmeantrag__SEPA-Verfahren_.doc\">https:\/\/115er.de\/wp-content\/uploads\/2025\/11\/Aufnahmeantrag__SEPA-Verfahren_.doc<\/a><\/p>\n\n\n\n<p><\/p>\n","protected":false},"excerpt":{"rendered":"<p>Nur eine hohe Mitgliederzahl in unserem Verein hilft, die Tradition unseres Panzerartilleriebataillon 115, das 2007 aufgel\u00f6st wurde, fortf\u00fchren zu k\u00f6nnen. Haben Sie sich schon entschlossen, Mitglied zu werden? F\u00fcllen Sie bitte den Aufnahmeantrag (Word-Dokument) aus. https:\/\/115er.de\/wp-content\/uploads\/2025\/11\/Aufnahmeantrag__SEPA-Verfahren_.doc<\/p>\n","protected":false},"author":1,"featured_media":0,"parent":49,"menu_order":0,"comment_status":"closed","ping_status":"closed","template":"","meta":{"footnotes":""},"class_list":["post-51","page","type-page","status-publish","hentry"],"_links":{"self":[{"href":"https:\/\/115er.de\/index.php\/wp-json\/wp\/v2\/pages\/51","targetHints":{"allow":["GET"]}}],"collection":[{"href":"https:\/\/115er.de\/index.php\/wp-json\/wp\/v2\/pages"}],"about":[{"href":"https:\/\/115er.de\/index.php\/wp-json\/wp\/v2\/types\/page"}],"author":[{"embeddable":true,"href":"https:\/\/115er.de\/index.php\/wp-json\/wp\/v2\/users\/1"}],"replies":[{"embeddable":true,"href":"https:\/\/115er.de\/index.php\/wp-json\/wp\/v2\/comments?post=51"}],"version-history":[{"count":5,"href":"https:\/\/115er.de\/index.php\/wp-json\/wp\/v2\/pages\/51\/revisions"}],"predecessor-version":[{"id":192,"href":"https:\/\/115er.de\/index.php\/wp-json\/wp\/v2\/pages\/51\/revisions\/192"}],"up":[{"embeddable":true,"href":"https:\/\/115er.de\/index.php\/wp-json\/wp\/v2\/pages\/49"}],"wp:attachment":[{"href":"https:\/\/115er.de\/index.php\/wp-json\/wp\/v2\/media?parent=51"}],"curies":[{"name":"wp","href":"https:\/\/api.w.org\/{rel}","templated":true}]}}