{"id":53,"date":"2025-11-05T22:42:15","date_gmt":"2025-11-05T22:42:15","guid":{"rendered":"https:\/\/115er.de\/?page_id=53"},"modified":"2025-11-10T17:25:52","modified_gmt":"2025-11-10T16:25:52","slug":"anschriften-und-bankverbindungsaenderung","status":"publish","type":"page","link":"https:\/\/115er.de\/index.php\/ueber-die-alten-115er\/satzung\/anschriften-und-bankverbindungsaenderung\/","title":{"rendered":"Anschriften- und Bankverbindungs\u00e4nderung"},"content":{"rendered":"\n<p>Unserem Schriftf\u00fchrer und unserer Kassiererin k\u00f6nnen Sie die Vereinsarbeit sehr erleichtern, wenn Sie sofort nach Umzug oder nach einem Bankenwechsel die \u00c4nderungsmeldung ausf\u00fcllen (Word-Dokument) und an sie weiterleiten.<\/p>\n\n\n\n<p>Herzlichen Dank f\u00fcr Ihr Verst\u00e4ndnis.<\/p>\n\n\n\n<p><a href=\"https:\/\/115er.de\/wp-content\/uploads\/2025\/11\/Anschriften-__Kontoaendanw1_12.doc\">https:\/\/115er.de\/wp-content\/uploads\/2025\/11\/Anschriften-__Kontoaendanw1_12.doc<\/a><\/p>\n\n\n\n<p><\/p>\n","protected":false},"excerpt":{"rendered":"<p>Unserem Schriftf\u00fchrer und unserer Kassiererin k\u00f6nnen Sie die Vereinsarbeit sehr erleichtern, wenn Sie sofort nach Umzug oder nach einem Bankenwechsel die \u00c4nderungsmeldung ausf\u00fcllen (Word-Dokument) und an sie weiterleiten. Herzlichen Dank f\u00fcr Ihr Verst\u00e4ndnis. https:\/\/115er.de\/wp-content\/uploads\/2025\/11\/Anschriften-__Kontoaendanw1_12.doc<\/p>\n","protected":false},"author":1,"featured_media":0,"parent":49,"menu_order":20,"comment_status":"closed","ping_status":"closed","template":"","meta":{"footnotes":""},"class_list":["post-53","page","type-page","status-publish","hentry"],"_links":{"self":[{"href":"https:\/\/115er.de\/index.php\/wp-json\/wp\/v2\/pages\/53","targetHints":{"allow":["GET"]}}],"collection":[{"href":"https:\/\/115er.de\/index.php\/wp-json\/wp\/v2\/pages"}],"about":[{"href":"https:\/\/115er.de\/index.php\/wp-json\/wp\/v2\/types\/page"}],"author":[{"embeddable":true,"href":"https:\/\/115er.de\/index.php\/wp-json\/wp\/v2\/users\/1"}],"replies":[{"embeddable":true,"href":"https:\/\/115er.de\/index.php\/wp-json\/wp\/v2\/comments?post=53"}],"version-history":[{"count":6,"href":"https:\/\/115er.de\/index.php\/wp-json\/wp\/v2\/pages\/53\/revisions"}],"predecessor-version":[{"id":188,"href":"https:\/\/115er.de\/index.php\/wp-json\/wp\/v2\/pages\/53\/revisions\/188"}],"up":[{"embeddable":true,"href":"https:\/\/115er.de\/index.php\/wp-json\/wp\/v2\/pages\/49"}],"wp:attachment":[{"href":"https:\/\/115er.de\/index.php\/wp-json\/wp\/v2\/media?parent=53"}],"curies":[{"name":"wp","href":"https:\/\/api.w.org\/{rel}","templated":true}]}}