{"id":55,"date":"2025-11-05T22:50:05","date_gmt":"2025-11-05T22:50:05","guid":{"rendered":"https:\/\/115er.de\/?page_id=55"},"modified":"2025-11-05T23:00:58","modified_gmt":"2025-11-05T23:00:58","slug":"links","status":"publish","type":"page","link":"https:\/\/115er.de\/index.php\/links\/","title":{"rendered":"Links"},"content":{"rendered":"\n<p><strong>Interessante Links<\/strong><\/p>\n\n\n\n<p><strong>Weitere wichtige Informationen zur Artillerie und zur Bundeswehr allgemein:<\/strong><\/p>\n\n\n\n<p>Hier geht es zur Homepage des aufgel\u00f6sten <strong>PzArtBtl 125<\/strong>, Bayreuth:<\/p>\n\n\n\n<p><a href=\"http:\/\/www.bayreuther-artillerie.de\" target=\"_blank\" rel=\"noreferrer noopener\">http:\/\/www.bayreuther-artillerie.de<\/a><br>Bei den dort angef\u00fchrten Linkverbindungen ist auch die Homepage des neuen Museumvereins Artillerie und Infanterie interessant.<\/p>\n\n\n\n<p><a href=\"http:\/\/534056243.swh.strato-hosting.eu\/\"><strong>Hier geht es zur Homepage<\/strong><\/a> des<strong> Freundeskreises der Artillerietruppe e. V.<\/strong><\/p>\n\n\n\n<p>Pr\u00e4sident: BrigGen a. D. Hupka<br>1. Vizepr\u00e4sident: O Tuneke<br>2. Vizepr\u00e4sident: O a. D. Hanisch<br>3. Vizepr\u00e4sident: O d. R. H\u00fcgel<br>Gesch\u00e4ftsf\u00fchrer: OTL Pokorny<br>Schatzmeister: OL Schmidt<br>Schriftf\u00fchrer: OTL Faust<br>Beisitzer: OTL Schr\u00f6ter<br>Beisitzer: HptFw Stroh<\/p>\n\n\n\n<p>Der Verein bewahrt im \u00fcberregionalen Bereich der Bundesrepublik Deutschland die Tradition der Artillerietruppe. Informationen zur Artillerie enth\u00e4lt die vom Freundeskreis herausgegebene Fachzeitschrift &#8222;Zu-Gleich&#8220;.<\/p>\n\n\n\n<p>Hier kommen Sie auf die offizielle Homepage des <strong>Bundesministers der Verteidigung<\/strong>:<\/p>\n\n\n\n<p><a href=\"http:\/\/www.bmvg.de\/portal\/a\/bmvg\" target=\"_blank\" rel=\"noreferrer noopener\">www.bmvg.de\/portal\/a\/bmvg<\/a><\/p>\n","protected":false},"excerpt":{"rendered":"<p>Interessante Links Weitere wichtige Informationen zur Artillerie und zur Bundeswehr allgemein: Hier geht es zur Homepage des aufgel\u00f6sten PzArtBtl 125, Bayreuth: http:\/\/www.bayreuther-artillerie.deBei den dort angef\u00fchrten Linkverbindungen ist auch die Homepage des neuen Museumvereins Artillerie und Infanterie interessant. Hier geht es zur Homepage des Freundeskreises der Artillerietruppe e. V. Pr\u00e4sident: BrigGen a. D. Hupka1. Vizepr\u00e4sident: O [&hellip;]<\/p>\n","protected":false},"author":1,"featured_media":0,"parent":0,"menu_order":25,"comment_status":"closed","ping_status":"closed","template":"","meta":{"footnotes":""},"class_list":["post-55","page","type-page","status-publish","hentry"],"_links":{"self":[{"href":"https:\/\/115er.de\/index.php\/wp-json\/wp\/v2\/pages\/55","targetHints":{"allow":["GET"]}}],"collection":[{"href":"https:\/\/115er.de\/index.php\/wp-json\/wp\/v2\/pages"}],"about":[{"href":"https:\/\/115er.de\/index.php\/wp-json\/wp\/v2\/types\/page"}],"author":[{"embeddable":true,"href":"https:\/\/115er.de\/index.php\/wp-json\/wp\/v2\/users\/1"}],"replies":[{"embeddable":true,"href":"https:\/\/115er.de\/index.php\/wp-json\/wp\/v2\/comments?post=55"}],"version-history":[{"count":1,"href":"https:\/\/115er.de\/index.php\/wp-json\/wp\/v2\/pages\/55\/revisions"}],"predecessor-version":[{"id":56,"href":"https:\/\/115er.de\/index.php\/wp-json\/wp\/v2\/pages\/55\/revisions\/56"}],"wp:attachment":[{"href":"https:\/\/115er.de\/index.php\/wp-json\/wp\/v2\/media?parent=55"}],"curies":[{"name":"wp","href":"https:\/\/api.w.org\/{rel}","templated":true}]}}